{"id":6882,"date":"2024-08-23T20:09:26","date_gmt":"2024-08-23T18:09:26","guid":{"rendered":"https:\/\/www.ploutos-origins.com\/?page_id=6882"},"modified":"2024-10-11T05:25:46","modified_gmt":"2024-10-11T03:25:46","slug":"get-started","status":"publish","type":"page","link":"https:\/\/www.ploutos-origins.com\/index.php\/get-started\/","title":{"rendered":"Get started"},"content":{"rendered":"\n<div class=\"wp-block-uagb-container uagb-block-5385bcb3 alignwide uagb-is-root-container\">\n<div class=\"wp-block-uagb-container uagb-block-afd2364f\">\n<div class=\"wp-block-stackable-heading stk-block-heading stk-block-heading--v2 stk-block stk-951641a\" id=\"span-style-color-var-golden-class-stk-highlight-connectez-vos-pages-span-span-style-color-var-base-3-class-stk-highlight-strong-facebook-strong-span-span-style-color-var-golden-class-stk-highlight-ou-comptes-span-span-style-color-var-base-2-class-stk-highlight-strong-instagram-strong-span-span-style-color-var-golden-class-stk-highlight-professionnels-a-strong-ploutos-chat-strong-en-un-simple-clic-et-boostez-votre-fonction-commerciale-span\" data-block-id=\"951641a\"><style>.stk-951641a{max-width:455px !important;margin-right:auto !important;margin-left:auto !important}<\/style><h3 class=\"stk-block-heading__text has-text-align-left\"><span style=\"color: var(--golden);\" class=\"stk-highlight\">Connectez vos pages <\/span><span style=\"color: var(--base-3);\" class=\"stk-highlight\"><strong>Facebook<\/strong><\/span><span style=\"color: var(--golden);\" class=\"stk-highlight\"> ou comptes <\/span><span style=\"color: var(--base-2);\" class=\"stk-highlight\"><strong>Instagram<\/strong><\/span><span style=\"color: var(--golden);\" class=\"stk-highlight\"> professionnels \u00e0  <strong>Ploutos Chat<\/strong> en un simple clic et boostez votre fonction commerciale<\/span><\/h3><\/div>\n<\/div>\n\n\n\n<div class=\"wp-block-uagb-container uagb-block-b27504a7\">\n<div class=\"wp-block-stackable-button-group stk-block-button-group stk-block stk-eb62594\" data-block-id=\"eb62594\"><div class=\"stk-row stk-inner-blocks has-text-align-center stk-block-content stk-button-group\">\n<div class=\"wp-block-stackable-button stk-block-button has-text-align-center stk-block stk-c998463\" data-block-id=\"c998463\"><style>.stk-c998463 .stk-button{min-height:60px !important;background:var(--golden) !important;border-top-left-radius:20px !important;border-top-right-radius:20px !important;border-bottom-right-radius:20px !important;border-bottom-left-radius:20px !important}.stk-c998463 .stk-button .stk--inner-svg svg:last-child{height:35px !important;width:35px !important}.stk-c998463 .stk-button .stk--inner-svg svg:last-child,.stk-c998463 .stk-button .stk--inner-svg svg:last-child :is(g,path,rect,polygon,ellipse){fill:var(--violet) !important}.stk-c998463 .stk-button__inner-text{font-size:25px !important;font-family:\"Roboto\",Sans-serif !important}@media screen and (max-width:1023px){.stk-c998463 .stk-button__inner-text{font-size:25px !important}}<\/style><a class=\"stk-link stk-button stk--hover-effect-darken\" href=\"https:\/\/www.facebook.com\/dialog\/oauth?client_id=1464259850879300&amp;display=page&amp;extra={&quot;setup&quot;:{&quot;channel&quot;:&quot;IG_API_ONBOARDING\u201d}}&amp;redirect_uri=https:\/\/meta.ploutos-origins.com\/meta\/login\/&amp;response_type=code&amp;scope=instagram_basic,instagram_manage_comments,instagram_manage_messages,pages_messaging,pages_manage_metadata,pages_read_engagement,business_management,pages_show_list\"><span class=\"stk--svg-wrapper\"><div class=\"stk--inner-svg\"><svg xmlns=\"http:\/\/www.w3.org\/2000\/svg\" viewBox=\"0 0 512 512\" aria-hidden=\"true\" width=\"32\" height=\"32\"><path d=\"M505.12019,19.09375c-1.18945-5.53125-6.65819-11-12.207-12.1875C460.716,0,435.507,0,410.40747,0,307.17523,0,245.26909,55.20312,199.05238,128H94.83772c-16.34763.01562-35.55658,11.875-42.88664,26.48438L2.51562,253.29688A28.4,28.4,0,0,0,0,264a24.00867,24.00867,0,0,0,24.00582,24H127.81618l-22.47457,22.46875c-11.36521,11.36133-12.99607,32.25781,0,45.25L156.24582,406.625c11.15623,11.1875,32.15619,13.15625,45.27726,0l22.47457-22.46875V488a24.00867,24.00867,0,0,0,24.00581,24,28.55934,28.55934,0,0,0,10.707-2.51562l98.72834-49.39063c14.62888-7.29687,26.50776-26.5,26.50776-42.85937V312.79688c72.59753-46.3125,128.03493-108.40626,128.03493-211.09376C512.07526,76.5,512.07526,51.29688,505.12019,19.09375ZM384.04033,168A40,40,0,1,1,424.05,128,40.02322,40.02322,0,0,1,384.04033,168Z\"><\/path><\/svg><\/div><\/span><span class=\"stk-button__inner-text\"><strong>Continuez avec Facebook Login<\/strong><\/span><\/a><\/div>\n<\/div><\/div>\n<\/div>\n<\/div>\n","protected":false},"excerpt":{"rendered":"<p>Connectez vos pages Facebook ou comptes Instagram professionnels \u00e0 Ploutos Chat en un simple clic et boostez votre fonction commerciale Continuez avec Facebook Login<\/p>\n","protected":false},"author":1,"featured_media":0,"parent":0,"menu_order":0,"comment_status":"closed","ping_status":"closed","template":"","meta":{"_sb_is_suggestion_mode":false,"_sb_show_suggestion_boards":false,"_sb_show_comment_boards":false,"_sb_suggestion_history":"","_sb_update_block_changes":"","content-type":"","_oasis_is_in_workflow":0,"_oasis_original":0,"_uag_custom_page_level_css":"","footnotes":""},"class_list":["post-6882","page","type-page","status-publish"],"yoast_head":"<!-- This site is optimized with the Yoast SEO plugin v23.3 - https:\/\/yoast.com\/wordpress\/plugins\/seo\/ -->\n<title>Get started - Ploutos Origins<\/title>\n<meta name=\"description\" content=\"Connectez votre page Facebook ou compte Instagram \u00e0 Ploutos Chat en un clic et g\u00e9n\u00e9rer encore plus de prospects gr\u00e2ce \u00e0 l&#039;IA !\" \/>\n<meta name=\"robots\" content=\"index, follow, max-snippet:-1, max-image-preview:large, max-video-preview:-1\" \/>\n<link rel=\"canonical\" href=\"https:\/\/www.ploutos-origins.com\/index.php\/get-started\/\" \/>\n<meta property=\"og:locale\" content=\"en_US\" \/>\n<meta property=\"og:type\" content=\"article\" \/>\n<meta property=\"og:title\" content=\"Get started - Ploutos Origins\" \/>\n<meta property=\"og:description\" content=\"Connectez votre page Facebook ou compte Instagram \u00e0 Ploutos Chat en un clic et g\u00e9n\u00e9rer encore plus de prospects gr\u00e2ce \u00e0 l&#039;IA !\" \/>\n<meta property=\"og:url\" content=\"https:\/\/www.ploutos-origins.com\/index.php\/get-started\/\" \/>\n<meta property=\"og:site_name\" content=\"Ploutos Origins\" \/>\n<meta property=\"article:modified_time\" content=\"2024-10-11T03:25:46+00:00\" \/>\n<meta property=\"og:image\" content=\"https:\/\/www.ploutos-origins.com\/wp-content\/uploads\/2024\/01\/ploutos-bot.jpg\" \/>\n\t<meta property=\"og:image:width\" content=\"2000\" \/>\n\t<meta property=\"og:image:height\" content=\"1500\" \/>\n\t<meta property=\"og:image:type\" content=\"image\/jpeg\" \/>\n<meta name=\"twitter:card\" content=\"summary_large_image\" \/>\n<meta name=\"twitter:label1\" content=\"Est. reading time\" \/>\n\t<meta name=\"twitter:data1\" content=\"1 minute\" \/>\n<script type=\"application\/ld+json\" class=\"yoast-schema-graph\">{\"@context\":\"https:\/\/schema.org\",\"@graph\":[{\"@type\":\"WebPage\",\"@id\":\"https:\/\/www.ploutos-origins.com\/index.php\/get-started\/\",\"url\":\"https:\/\/www.ploutos-origins.com\/index.php\/get-started\/\",\"name\":\"Get started - Ploutos Origins\",\"isPartOf\":{\"@id\":\"https:\/\/www.ploutos-origins.com\/#website\"},\"datePublished\":\"2024-08-23T18:09:26+00:00\",\"dateModified\":\"2024-10-11T03:25:46+00:00\",\"description\":\"Connectez votre page Facebook ou compte Instagram \u00e0 Ploutos Chat en un clic et g\u00e9n\u00e9rer encore plus de prospects gr\u00e2ce \u00e0 l'IA !\",\"breadcrumb\":{\"@id\":\"https:\/\/www.ploutos-origins.com\/index.php\/get-started\/#breadcrumb\"},\"inLanguage\":\"en-US\",\"potentialAction\":[{\"@type\":\"ReadAction\",\"target\":[\"https:\/\/www.ploutos-origins.com\/index.php\/get-started\/\"]}]},{\"@type\":\"BreadcrumbList\",\"@id\":\"https:\/\/www.ploutos-origins.com\/index.php\/get-started\/#breadcrumb\",\"itemListElement\":[{\"@type\":\"ListItem\",\"position\":1,\"name\":\"Home\",\"item\":\"https:\/\/www.ploutos-origins.com\/\"},{\"@type\":\"ListItem\",\"position\":2,\"name\":\"Get started\"}]},{\"@type\":\"WebSite\",\"@id\":\"https:\/\/www.ploutos-origins.com\/#website\",\"url\":\"https:\/\/www.ploutos-origins.com\/\",\"name\":\"Ploutos Origins\",\"description\":\"Le premier assistant IA commercial &amp; administratif\",\"publisher\":{\"@id\":\"https:\/\/www.ploutos-origins.com\/#organization\"},\"potentialAction\":[{\"@type\":\"SearchAction\",\"target\":{\"@type\":\"EntryPoint\",\"urlTemplate\":\"https:\/\/www.ploutos-origins.com\/?s={search_term_string}\"},\"query-input\":\"required name=search_term_string\"}],\"inLanguage\":\"en-US\"},{\"@type\":\"Organization\",\"@id\":\"https:\/\/www.ploutos-origins.com\/#organization\",\"name\":\"Ploutos Origins\",\"url\":\"https:\/\/www.ploutos-origins.com\/\",\"logo\":{\"@type\":\"ImageObject\",\"inLanguage\":\"en-US\",\"@id\":\"https:\/\/www.ploutos-origins.com\/#\/schema\/logo\/image\/\",\"url\":\"https:\/\/www.ploutos-origins.com\/wp-content\/uploads\/2022\/11\/cropped-logo-dark-background.png\",\"contentUrl\":\"https:\/\/www.ploutos-origins.com\/wp-content\/uploads\/2022\/11\/cropped-logo-dark-background.png\",\"width\":960,\"height\":677,\"caption\":\"Ploutos Origins\"},\"image\":{\"@id\":\"https:\/\/www.ploutos-origins.com\/#\/schema\/logo\/image\/\"},\"sameAs\":[\"https:\/\/www.linkedin.com\/company\/ploutos-origins\/\"]}]}<\/script>\n<!-- \/ Yoast SEO plugin. -->","yoast_head_json":{"title":"Get started - Ploutos Origins","description":"Connectez votre page Facebook ou compte Instagram \u00e0 Ploutos Chat en un clic et g\u00e9n\u00e9rer encore plus de prospects gr\u00e2ce \u00e0 l'IA !","robots":{"index":"index","follow":"follow","max-snippet":"max-snippet:-1","max-image-preview":"max-image-preview:large","max-video-preview":"max-video-preview:-1"},"canonical":"https:\/\/www.ploutos-origins.com\/index.php\/get-started\/","og_locale":"en_US","og_type":"article","og_title":"Get started - Ploutos Origins","og_description":"Connectez votre page Facebook ou compte Instagram \u00e0 Ploutos Chat en un clic et g\u00e9n\u00e9rer encore plus de prospects gr\u00e2ce \u00e0 l'IA !","og_url":"https:\/\/www.ploutos-origins.com\/index.php\/get-started\/","og_site_name":"Ploutos Origins","article_modified_time":"2024-10-11T03:25:46+00:00","og_image":[{"width":2000,"height":1500,"url":"https:\/\/www.ploutos-origins.com\/wp-content\/uploads\/2024\/01\/ploutos-bot.jpg","type":"image\/jpeg"}],"twitter_card":"summary_large_image","twitter_misc":{"Est. reading time":"1 minute"},"schema":{"@context":"https:\/\/schema.org","@graph":[{"@type":"WebPage","@id":"https:\/\/www.ploutos-origins.com\/index.php\/get-started\/","url":"https:\/\/www.ploutos-origins.com\/index.php\/get-started\/","name":"Get started - Ploutos Origins","isPartOf":{"@id":"https:\/\/www.ploutos-origins.com\/#website"},"datePublished":"2024-08-23T18:09:26+00:00","dateModified":"2024-10-11T03:25:46+00:00","description":"Connectez votre page Facebook ou compte Instagram \u00e0 Ploutos Chat en un clic et g\u00e9n\u00e9rer encore plus de prospects gr\u00e2ce \u00e0 l'IA !","breadcrumb":{"@id":"https:\/\/www.ploutos-origins.com\/index.php\/get-started\/#breadcrumb"},"inLanguage":"en-US","potentialAction":[{"@type":"ReadAction","target":["https:\/\/www.ploutos-origins.com\/index.php\/get-started\/"]}]},{"@type":"BreadcrumbList","@id":"https:\/\/www.ploutos-origins.com\/index.php\/get-started\/#breadcrumb","itemListElement":[{"@type":"ListItem","position":1,"name":"Home","item":"https:\/\/www.ploutos-origins.com\/"},{"@type":"ListItem","position":2,"name":"Get started"}]},{"@type":"WebSite","@id":"https:\/\/www.ploutos-origins.com\/#website","url":"https:\/\/www.ploutos-origins.com\/","name":"Ploutos Origins","description":"Le premier assistant IA commercial &amp; administratif","publisher":{"@id":"https:\/\/www.ploutos-origins.com\/#organization"},"potentialAction":[{"@type":"SearchAction","target":{"@type":"EntryPoint","urlTemplate":"https:\/\/www.ploutos-origins.com\/?s={search_term_string}"},"query-input":"required name=search_term_string"}],"inLanguage":"en-US"},{"@type":"Organization","@id":"https:\/\/www.ploutos-origins.com\/#organization","name":"Ploutos Origins","url":"https:\/\/www.ploutos-origins.com\/","logo":{"@type":"ImageObject","inLanguage":"en-US","@id":"https:\/\/www.ploutos-origins.com\/#\/schema\/logo\/image\/","url":"https:\/\/www.ploutos-origins.com\/wp-content\/uploads\/2022\/11\/cropped-logo-dark-background.png","contentUrl":"https:\/\/www.ploutos-origins.com\/wp-content\/uploads\/2022\/11\/cropped-logo-dark-background.png","width":960,"height":677,"caption":"Ploutos Origins"},"image":{"@id":"https:\/\/www.ploutos-origins.com\/#\/schema\/logo\/image\/"},"sameAs":["https:\/\/www.linkedin.com\/company\/ploutos-origins\/"]}]}},"uagb_featured_image_src":{"full":false,"thumbnail":false,"medium":false,"medium_large":false,"large":false,"1536x1536":false,"2048x2048":false},"uagb_author_info":{"display_name":"Anh de Ploutos","author_link":"https:\/\/www.ploutos-origins.com\/index.php\/author\/anh\/"},"uagb_comment_info":0,"uagb_excerpt":"Connectez vos pages Facebook ou comptes Instagram professionnels \u00e0 Ploutos Chat en un simple clic et boostez votre fonction commerciale Continuez avec Facebook Login","_links":{"self":[{"href":"https:\/\/www.ploutos-origins.com\/index.php\/wp-json\/wp\/v2\/pages\/6882"}],"collection":[{"href":"https:\/\/www.ploutos-origins.com\/index.php\/wp-json\/wp\/v2\/pages"}],"about":[{"href":"https:\/\/www.ploutos-origins.com\/index.php\/wp-json\/wp\/v2\/types\/page"}],"author":[{"embeddable":true,"href":"https:\/\/www.ploutos-origins.com\/index.php\/wp-json\/wp\/v2\/users\/1"}],"replies":[{"embeddable":true,"href":"https:\/\/www.ploutos-origins.com\/index.php\/wp-json\/wp\/v2\/comments?post=6882"}],"version-history":[{"count":25,"href":"https:\/\/www.ploutos-origins.com\/index.php\/wp-json\/wp\/v2\/pages\/6882\/revisions"}],"predecessor-version":[{"id":6956,"href":"https:\/\/www.ploutos-origins.com\/index.php\/wp-json\/wp\/v2\/pages\/6882\/revisions\/6956"}],"wp:attachment":[{"href":"https:\/\/www.ploutos-origins.com\/index.php\/wp-json\/wp\/v2\/media?parent=6882"}],"curies":[{"name":"wp","href":"https:\/\/api.w.org\/{rel}","templated":true}]}}