{"id":5783,"date":"2024-01-16T15:36:42","date_gmt":"2024-01-16T14:36:42","guid":{"rendered":"https:\/\/www.ploutos-origins.com\/?page_id=5783"},"modified":"2024-03-20T07:43:59","modified_gmt":"2024-03-20T06:43:59","slug":"equipe","status":"publish","type":"page","link":"https:\/\/www.ploutos-origins.com\/index.php\/equipe\/","title":{"rendered":"Equipe"},"content":{"rendered":"\n<div class=\"wp-block-uagb-container uagb-block-7b1d8bba alignfull uagb-is-root-container\">\n<div class=\"wp-block-uagb-container uagb-block-3a84a005\">\n<div class=\"wp-block-uagb-advanced-heading uagb-block-69b64bfb\"><h2 class=\"uagb-heading-text\"><strong>L&#8217;\u00e9quipe Ploutos Origins<\/strong><\/h2><p class=\"uagb-desc-text\">est compos\u00e9 <mark style=\"background-color:rgba(0, 0, 0, 0)\" class=\"has-inline-color has-global-color-16-color\"><strong>d<\/strong><\/mark><mark style=\"background-color:rgba(0, 0, 0, 0)\" class=\"has-inline-color has-golden-color\"><strong>&#8216;<\/strong><\/mark><strong><mark style=\"background-color:rgba(0, 0, 0, 0)\" class=\"has-inline-color has-golden-color\">experts en informatique <\/mark><\/strong><mark style=\"background-color:rgba(0, 0, 0, 0)\" class=\"has-inline-color has-base-3-color\">et <\/mark><strong><mark style=\"background-color:rgba(0, 0, 0, 0)\" class=\"has-inline-color has-golden-color\">d&#8217;auditeurs financiers<\/mark><\/strong> <\/p><\/div>\n<\/div>\n\n\n\n<div class=\"wp-block-uagb-container uagb-block-e0636724\">\n<div class=\"wp-block-uagb-container uagb-block-8b61d0a5\">\n<div class=\"wp-block-uagb-team uagb-team__image-position-above uagb-team__align-center uagb-team__stack-tablet uagb-block-10ecb27c\"><div class=\"uagb-team__content\"><img decoding=\"async\" class=\"uagb-team__image-crop-circle\" src=\"https:\/\/www.ploutos-origins.com\/wp-content\/uploads\/2022\/11\/anh-de-ploutos-300x300.jpeg\" alt=\"\" height=\"100\" width=\"100\" loading=\"lazy\"\/><h3 class=\"uagb-team__title\"><strong>Anh Dung Nguyen, PhD<\/strong><\/h3><span class=\"uagb-team__prefix\">CEO<\/span><p class=\"uagb-team__desc\">Anh a d\u00e9marr\u00e9 sa carri\u00e8re dans le milieu acad\u00e9mique en tant que chercheur en informatique avant de travailler dans le milieu des startups innovantes.<br><br>En tant qu&#8217;entrepreneur, ing\u00e9nieur, chercheur en informatique, Anh s&#8217;est engag\u00e9 dans de nombreux projets d&#8217;IT d&#8217;envergure dans diff\u00e9rents secteurs : retails, transport, comptabilit\u00e9 &amp; audit. Sa capacit\u00e9 d&#8217;innovation aide les entreprises \u00e0 se transformer.<br><br>Innovateur dans l&#8217;\u00e2me, il est passionn\u00e9 des nouvelles technologies et business. Il est co-auteur de 3 brevets et de nombreux articles scientifiques.<br><\/p><ul class=\"uagb-team__social-list\"><li class=\"uagb-team__social-icon\"><a href=\"https:\/\/www.linkedin.com\/in\/anhdungnguyen\/\" aria-label=\"linkedin\" target=\"_blank\" title=\"\" rel=\"noopener noreferrer\"><svg xmlns=\"https:\/\/www.w3.org\/2000\/svg\" viewBox=\"0 0 448 512\"><path d=\"M416 32H31.9C14.3 32 0 46.5 0 64.3v383.4C0 465.5 14.3 480 31.9 480H416c17.6 0 32-14.5 32-32.3V64.3c0-17.8-14.4-32.3-32-32.3zM135.4 416H69V202.2h66.5V416zm-33.2-243c-21.3 0-38.5-17.3-38.5-38.5S80.9 96 102.2 96c21.2 0 38.5 17.3 38.5 38.5 0 21.3-17.2 38.5-38.5 38.5zm282.1 243h-66.4V312c0-24.8-.5-56.7-34.5-56.7-34.6 0-39.9 27-39.9 54.9V416h-66.4V202.2h63.7v29.2h.9c8.9-16.8 30.6-34.5 62.9-34.5 67.2 0 79.7 44.3 79.7 101.9V416z\"><\/path><\/svg><\/a><\/li><\/ul><\/div><\/div>\n\n\n\n<div class=\"wp-block-uagb-container uagb-block-b914ea66\"><\/div>\n<\/div>\n\n\n\n<div class=\"wp-block-uagb-container uagb-block-c9cfaf0a\">\n<div class=\"wp-block-uagb-container uagb-block-31735818\">\n<div class=\"wp-block-uagb-team uagb-team__image-position-above uagb-team__align-center uagb-team__stack-tablet uagb-block-bb378d06\"><div class=\"uagb-team__content\"><img decoding=\"async\" class=\"uagb-team__image-crop-circle\" src=\"https:\/\/www.ploutos-origins.com\/wp-content\/uploads\/2022\/11\/quentin-de-ploutos-265x300.png\" alt=\"\" height=\"100\" width=\"100\" loading=\"lazy\"\/><h3 class=\"uagb-team__title\"><strong>Quentin Bregoli<\/strong><\/h3><span class=\"uagb-team__prefix\"><br>COO<\/span><p class=\"uagb-team__desc\">Quentin a travaill\u00e9 plus de 15 ans dans des cabinets d&#8217;expertise comptable et d&#8217;audit \u00e0 taille humaine et r\u00e9put\u00e9 sur la place parisienne. Il a ainsi r\u00e9alis\u00e9 bon nombre d&#8217;audits de la PME \u00e0 la soci\u00e9t\u00e9 cot\u00e9e et le montage de bilans de nombreuses PME.<br><br>Ses solides connaissances comptables, fiscales, juridiques, et ses exp\u00e9riences d&#8217;utilisations de diff\u00e9rents logiciels de comptabilit\u00e9 et d\u2019audit lui ont permis d\u2019appr\u00e9hender avec pr\u00e9cision les sp\u00e9cifications de la FE et la norme europ\u00e9enne EN 16931 rattach\u00e9e.<br><br>Mais comme il n\u2019y a pas que la facture \u00e9lectronique dans la vie, il est investi b\u00e9n\u00e9volement au sein de son club de tennis et vous pourrez toujours discuter petite balle jaune avec lui.<\/p><ul class=\"uagb-team__social-list\"><li class=\"uagb-team__social-icon\"><a href=\"https:\/\/www.linkedin.com\/in\/quentin-bregoli-22a63166\/\" aria-label=\"linkedin\" target=\"_blank\" title=\"\" rel=\"noopener noreferrer\"><svg xmlns=\"https:\/\/www.w3.org\/2000\/svg\" viewBox=\"0 0 448 512\"><path d=\"M416 32H31.9C14.3 32 0 46.5 0 64.3v383.4C0 465.5 14.3 480 31.9 480H416c17.6 0 32-14.5 32-32.3V64.3c0-17.8-14.4-32.3-32-32.3zM135.4 416H69V202.2h66.5V416zm-33.2-243c-21.3 0-38.5-17.3-38.5-38.5S80.9 96 102.2 96c21.2 0 38.5 17.3 38.5 38.5 0 21.3-17.2 38.5-38.5 38.5zm282.1 243h-66.4V312c0-24.8-.5-56.7-34.5-56.7-34.6 0-39.9 27-39.9 54.9V416h-66.4V202.2h63.7v29.2h.9c8.9-16.8 30.6-34.5 62.9-34.5 67.2 0 79.7 44.3 79.7 101.9V416z\"><\/path><\/svg><\/a><\/li><\/ul><\/div><\/div>\n<\/div>\n<\/div>\n<\/div>\n<\/div>\n","protected":false},"excerpt":{"rendered":"<p>L&#8217;\u00e9quipe Ploutos Origins est compos\u00e9 d&#8216;experts en informatique et d&#8217;auditeurs financiers<\/p>\n","protected":false},"author":1,"featured_media":0,"parent":0,"menu_order":0,"comment_status":"closed","ping_status":"closed","template":"","meta":{"_sb_is_suggestion_mode":false,"_sb_show_suggestion_boards":false,"_sb_show_comment_boards":false,"_sb_suggestion_history":"","_sb_update_block_changes":"","content-type":"","_oasis_is_in_workflow":0,"_oasis_original":0,"_uag_custom_page_level_css":"","footnotes":""},"class_list":["post-5783","page","type-page","status-publish"],"yoast_head":"<!-- This site is optimized with the Yoast SEO plugin v23.3 - https:\/\/yoast.com\/wordpress\/plugins\/seo\/ -->\n<title>Ploutos Origins - Equipe<\/title>\n<meta name=\"description\" content=\"Travaillez avec une super \u00e9quipe compos\u00e9e d&#039;experts en informatique et d&#039;auditeurs financiers\" \/>\n<meta name=\"robots\" content=\"index, follow, max-snippet:-1, max-image-preview:large, max-video-preview:-1\" \/>\n<link rel=\"canonical\" href=\"https:\/\/www.ploutos-origins.com\/index.php\/equipe\/\" \/>\n<meta property=\"og:locale\" content=\"en_US\" \/>\n<meta property=\"og:type\" content=\"article\" \/>\n<meta property=\"og:title\" content=\"Ploutos Origins - Equipe\" \/>\n<meta property=\"og:description\" content=\"Travaillez avec une super \u00e9quipe compos\u00e9e d&#039;experts en informatique et d&#039;auditeurs financiers\" \/>\n<meta property=\"og:url\" content=\"https:\/\/www.ploutos-origins.com\/index.php\/equipe\/\" \/>\n<meta property=\"og:site_name\" content=\"Ploutos Origins\" \/>\n<meta property=\"article:modified_time\" content=\"2024-03-20T06:43:59+00:00\" \/>\n<meta property=\"og:image\" content=\"https:\/\/www.ploutos-origins.com\/wp-content\/uploads\/2022\/11\/anh-de-ploutos-300x300.jpeg\" \/>\n<meta name=\"twitter:card\" content=\"summary_large_image\" \/>\n<meta name=\"twitter:label1\" content=\"Est. reading time\" \/>\n\t<meta name=\"twitter:data1\" content=\"2 minutes\" \/>\n<script type=\"application\/ld+json\" class=\"yoast-schema-graph\">{\"@context\":\"https:\/\/schema.org\",\"@graph\":[{\"@type\":\"WebPage\",\"@id\":\"https:\/\/www.ploutos-origins.com\/index.php\/equipe\/\",\"url\":\"https:\/\/www.ploutos-origins.com\/index.php\/equipe\/\",\"name\":\"Ploutos Origins - Equipe\",\"isPartOf\":{\"@id\":\"https:\/\/www.ploutos-origins.com\/#website\"},\"primaryImageOfPage\":{\"@id\":\"https:\/\/www.ploutos-origins.com\/index.php\/equipe\/#primaryimage\"},\"image\":{\"@id\":\"https:\/\/www.ploutos-origins.com\/index.php\/equipe\/#primaryimage\"},\"thumbnailUrl\":\"https:\/\/www.ploutos-origins.com\/wp-content\/uploads\/2022\/11\/anh-de-ploutos-300x300.jpeg\",\"datePublished\":\"2024-01-16T14:36:42+00:00\",\"dateModified\":\"2024-03-20T06:43:59+00:00\",\"description\":\"Travaillez avec une super \u00e9quipe compos\u00e9e d'experts en informatique et d'auditeurs financiers\",\"breadcrumb\":{\"@id\":\"https:\/\/www.ploutos-origins.com\/index.php\/equipe\/#breadcrumb\"},\"inLanguage\":\"en-US\",\"potentialAction\":[{\"@type\":\"ReadAction\",\"target\":[\"https:\/\/www.ploutos-origins.com\/index.php\/equipe\/\"]}]},{\"@type\":\"ImageObject\",\"inLanguage\":\"en-US\",\"@id\":\"https:\/\/www.ploutos-origins.com\/index.php\/equipe\/#primaryimage\",\"url\":\"https:\/\/www.ploutos-origins.com\/wp-content\/uploads\/2022\/11\/anh-de-ploutos-300x300.jpeg\",\"contentUrl\":\"https:\/\/www.ploutos-origins.com\/wp-content\/uploads\/2022\/11\/anh-de-ploutos-300x300.jpeg\"},{\"@type\":\"BreadcrumbList\",\"@id\":\"https:\/\/www.ploutos-origins.com\/index.php\/equipe\/#breadcrumb\",\"itemListElement\":[{\"@type\":\"ListItem\",\"position\":1,\"name\":\"Home\",\"item\":\"https:\/\/www.ploutos-origins.com\/\"},{\"@type\":\"ListItem\",\"position\":2,\"name\":\"Equipe\"}]},{\"@type\":\"WebSite\",\"@id\":\"https:\/\/www.ploutos-origins.com\/#website\",\"url\":\"https:\/\/www.ploutos-origins.com\/\",\"name\":\"Ploutos Origins\",\"description\":\"Le premier assistant IA commercial &amp; administratif\",\"publisher\":{\"@id\":\"https:\/\/www.ploutos-origins.com\/#organization\"},\"potentialAction\":[{\"@type\":\"SearchAction\",\"target\":{\"@type\":\"EntryPoint\",\"urlTemplate\":\"https:\/\/www.ploutos-origins.com\/?s={search_term_string}\"},\"query-input\":\"required name=search_term_string\"}],\"inLanguage\":\"en-US\"},{\"@type\":\"Organization\",\"@id\":\"https:\/\/www.ploutos-origins.com\/#organization\",\"name\":\"Ploutos Origins\",\"url\":\"https:\/\/www.ploutos-origins.com\/\",\"logo\":{\"@type\":\"ImageObject\",\"inLanguage\":\"en-US\",\"@id\":\"https:\/\/www.ploutos-origins.com\/#\/schema\/logo\/image\/\",\"url\":\"https:\/\/www.ploutos-origins.com\/wp-content\/uploads\/2022\/11\/cropped-logo-dark-background.png\",\"contentUrl\":\"https:\/\/www.ploutos-origins.com\/wp-content\/uploads\/2022\/11\/cropped-logo-dark-background.png\",\"width\":960,\"height\":677,\"caption\":\"Ploutos Origins\"},\"image\":{\"@id\":\"https:\/\/www.ploutos-origins.com\/#\/schema\/logo\/image\/\"},\"sameAs\":[\"https:\/\/www.linkedin.com\/company\/ploutos-origins\/\"]}]}<\/script>\n<!-- \/ Yoast SEO plugin. -->","yoast_head_json":{"title":"Ploutos Origins - Equipe","description":"Travaillez avec une super \u00e9quipe compos\u00e9e d'experts en informatique et d'auditeurs financiers","robots":{"index":"index","follow":"follow","max-snippet":"max-snippet:-1","max-image-preview":"max-image-preview:large","max-video-preview":"max-video-preview:-1"},"canonical":"https:\/\/www.ploutos-origins.com\/index.php\/equipe\/","og_locale":"en_US","og_type":"article","og_title":"Ploutos Origins - Equipe","og_description":"Travaillez avec une super \u00e9quipe compos\u00e9e d'experts en informatique et d'auditeurs financiers","og_url":"https:\/\/www.ploutos-origins.com\/index.php\/equipe\/","og_site_name":"Ploutos Origins","article_modified_time":"2024-03-20T06:43:59+00:00","og_image":[{"url":"https:\/\/www.ploutos-origins.com\/wp-content\/uploads\/2022\/11\/anh-de-ploutos-300x300.jpeg"}],"twitter_card":"summary_large_image","twitter_misc":{"Est. reading time":"2 minutes"},"schema":{"@context":"https:\/\/schema.org","@graph":[{"@type":"WebPage","@id":"https:\/\/www.ploutos-origins.com\/index.php\/equipe\/","url":"https:\/\/www.ploutos-origins.com\/index.php\/equipe\/","name":"Ploutos Origins - Equipe","isPartOf":{"@id":"https:\/\/www.ploutos-origins.com\/#website"},"primaryImageOfPage":{"@id":"https:\/\/www.ploutos-origins.com\/index.php\/equipe\/#primaryimage"},"image":{"@id":"https:\/\/www.ploutos-origins.com\/index.php\/equipe\/#primaryimage"},"thumbnailUrl":"https:\/\/www.ploutos-origins.com\/wp-content\/uploads\/2022\/11\/anh-de-ploutos-300x300.jpeg","datePublished":"2024-01-16T14:36:42+00:00","dateModified":"2024-03-20T06:43:59+00:00","description":"Travaillez avec une super \u00e9quipe compos\u00e9e d'experts en informatique et d'auditeurs financiers","breadcrumb":{"@id":"https:\/\/www.ploutos-origins.com\/index.php\/equipe\/#breadcrumb"},"inLanguage":"en-US","potentialAction":[{"@type":"ReadAction","target":["https:\/\/www.ploutos-origins.com\/index.php\/equipe\/"]}]},{"@type":"ImageObject","inLanguage":"en-US","@id":"https:\/\/www.ploutos-origins.com\/index.php\/equipe\/#primaryimage","url":"https:\/\/www.ploutos-origins.com\/wp-content\/uploads\/2022\/11\/anh-de-ploutos-300x300.jpeg","contentUrl":"https:\/\/www.ploutos-origins.com\/wp-content\/uploads\/2022\/11\/anh-de-ploutos-300x300.jpeg"},{"@type":"BreadcrumbList","@id":"https:\/\/www.ploutos-origins.com\/index.php\/equipe\/#breadcrumb","itemListElement":[{"@type":"ListItem","position":1,"name":"Home","item":"https:\/\/www.ploutos-origins.com\/"},{"@type":"ListItem","position":2,"name":"Equipe"}]},{"@type":"WebSite","@id":"https:\/\/www.ploutos-origins.com\/#website","url":"https:\/\/www.ploutos-origins.com\/","name":"Ploutos Origins","description":"Le premier assistant IA commercial &amp; administratif","publisher":{"@id":"https:\/\/www.ploutos-origins.com\/#organization"},"potentialAction":[{"@type":"SearchAction","target":{"@type":"EntryPoint","urlTemplate":"https:\/\/www.ploutos-origins.com\/?s={search_term_string}"},"query-input":"required name=search_term_string"}],"inLanguage":"en-US"},{"@type":"Organization","@id":"https:\/\/www.ploutos-origins.com\/#organization","name":"Ploutos Origins","url":"https:\/\/www.ploutos-origins.com\/","logo":{"@type":"ImageObject","inLanguage":"en-US","@id":"https:\/\/www.ploutos-origins.com\/#\/schema\/logo\/image\/","url":"https:\/\/www.ploutos-origins.com\/wp-content\/uploads\/2022\/11\/cropped-logo-dark-background.png","contentUrl":"https:\/\/www.ploutos-origins.com\/wp-content\/uploads\/2022\/11\/cropped-logo-dark-background.png","width":960,"height":677,"caption":"Ploutos Origins"},"image":{"@id":"https:\/\/www.ploutos-origins.com\/#\/schema\/logo\/image\/"},"sameAs":["https:\/\/www.linkedin.com\/company\/ploutos-origins\/"]}]}},"uagb_featured_image_src":{"full":false,"thumbnail":false,"medium":false,"medium_large":false,"large":false,"1536x1536":false,"2048x2048":false},"uagb_author_info":{"display_name":"Anh de Ploutos","author_link":"https:\/\/www.ploutos-origins.com\/index.php\/author\/anh\/"},"uagb_comment_info":0,"uagb_excerpt":"L&#8217;\u00e9quipe Ploutos Origins est compos\u00e9 d&#8216;experts en informatique et d&#8217;auditeurs financiers","_links":{"self":[{"href":"https:\/\/www.ploutos-origins.com\/index.php\/wp-json\/wp\/v2\/pages\/5783"}],"collection":[{"href":"https:\/\/www.ploutos-origins.com\/index.php\/wp-json\/wp\/v2\/pages"}],"about":[{"href":"https:\/\/www.ploutos-origins.com\/index.php\/wp-json\/wp\/v2\/types\/page"}],"author":[{"embeddable":true,"href":"https:\/\/www.ploutos-origins.com\/index.php\/wp-json\/wp\/v2\/users\/1"}],"replies":[{"embeddable":true,"href":"https:\/\/www.ploutos-origins.com\/index.php\/wp-json\/wp\/v2\/comments?post=5783"}],"version-history":[{"count":2,"href":"https:\/\/www.ploutos-origins.com\/index.php\/wp-json\/wp\/v2\/pages\/5783\/revisions"}],"predecessor-version":[{"id":6644,"href":"https:\/\/www.ploutos-origins.com\/index.php\/wp-json\/wp\/v2\/pages\/5783\/revisions\/6644"}],"wp:attachment":[{"href":"https:\/\/www.ploutos-origins.com\/index.php\/wp-json\/wp\/v2\/media?parent=5783"}],"curies":[{"name":"wp","href":"https:\/\/api.w.org\/{rel}","templated":true}]}}